{"id":15,"date":"2025-08-08T10:20:01","date_gmt":"2025-08-08T13:20:01","guid":{"rendered":"http:\/\/www.ludimilabarreto.com.br\/?page_id=15"},"modified":"2025-08-08T10:38:37","modified_gmt":"2025-08-08T13:38:37","slug":"pagina-inicial","status":"publish","type":"page","link":"https:\/\/www.ludimilabarreto.com.br\/","title":{"rendered":"pagina-inicial"},"content":{"rendered":"<div class=\"brz brz-root__container brz-reset-all brz-root__container-page\" >\n<section id=\"c3cb6a410f109fc9b15d_pZcPC0IkU_9N\" class=\"brz-section brz-css-1ufzr55 brz-css-14sj2vp\">\n<div class=\"brz-section__content brz-section--boxed brz-css-8lx5dd brz-css-1asxu56\" data-brz-custom-id=\"l3pBIMtPbIuj\">\n<div class=\"brz-bg\"><\/div>\n<div class=\"brz-container brz-css-16kwjsw brz-css-1ak23u9\">\n<div class=\"brz-row__container brz-css-1glby0k brz-css-1htcqev\" data-brz-custom-id=\"b8tBaJl_8WyU\">\n<div class=\"brz-row brz-css-1btjf4g brz-css-1ppvlab brz-css-1udb44\">\n<div class=\"brz-columns brz-css-gaedt5 brz-css-313rkx\" data-brz-custom-id=\"wUmCooQE2NGJ\">\n<div class=\"brz-column__items brz-css-1ygglza brz-css-1cysqha\">\n<div id=\"\" class=\"brz-css-1ibjmxz brz-css-90ji2v brz-wrapper\">\n<div class=\"brz-image brz-css-ne5ukl brz-css-1jai3at\" data-brz-custom-id=\"d7LKKk5uAFWH\"><picture class=\"brz-picture brz-d-block brz-p-relative brz-css-1crm03u brz-css-ol2goe\"><source srcset=\"http:\/\/www.ludimilabarreto.com.br\/?brizy_media=wp-3b8fb45dfe7f43a3483fbe9eb06f90ec.jpeg&amp;brizy_crop=iW%3D147%26iH%3D76%26oX%3D2%26oY%3D0%26cW%3D144%26cH%3D76 1x, http:\/\/www.ludimilabarreto.com.br\/wp-content\/uploads\/brizy\/imgs\/cropped-ludimila-barreto-logo-completa-294x152x4x0x288x152x1754659058.jpeg 2x\" media=\"(min-width: 992px)\"><source srcset=\"http:\/\/www.ludimilabarreto.com.br\/?brizy_media=wp-3b8fb45dfe7f43a3483fbe9eb06f90ec.jpeg&amp;brizy_crop=iW%3D86%26iH%3D45%26oX%3D1%26oY%3D0%26cW%3D84%26cH%3D45 1x, http:\/\/www.ludimilabarreto.com.br\/?brizy_media=wp-3b8fb45dfe7f43a3483fbe9eb06f90ec.jpeg&amp;brizy_crop=iW%3D172%26iH%3D90%26oX%3D2%26oY%3D0%26cW%3D168%26cH%3D90 2x\" media=\"(min-width: 768px)\"><img decoding=\"async\" class=\"brz-img\" srcset=\"http:\/\/www.ludimilabarreto.com.br\/wp-content\/uploads\/brizy\/imgs\/cropped-ludimila-barreto-logo-completa-163x85x4x0x155x85x1754659058.jpeg 1x, http:\/\/www.ludimilabarreto.com.br\/wp-content\/uploads\/brizy\/imgs\/cropped-ludimila-barreto-logo-completa-326x170x8x0x310x170x1754659058.jpeg 2x\" src=\"http:\/\/www.ludimilabarreto.com.br\/?brizy_media=wp-3b8fb45dfe7f43a3483fbe9eb06f90ec.jpeg&amp;brizy_crop=iW%3D147%26iH%3D76%26oX%3D2%26oY%3D0%26cW%3D144%26cH%3D76\" alt=\"\" title=\"cropped-ludimila-barreto-logo-completa.jpeg\" draggable=\"false\" loading=\"lazy\"><\/picture><\/div>\n<\/div>\n<\/div>\n<\/div>\n<div class=\"brz-columns brz-css-gaedt5 brz-css-1qrtt\" data-brz-custom-id=\"ioOX1RO_PeBp\">\n<div class=\"brz-column__items brz-css-1ygglza brz-css-8h5bp4\">\n<div class=\"brz-wrapper-clone brz-flex-xs-wrap brz-css-btspxt brz-css-1aa2rs2\" data-brz-custom-id=\"sKjcOpJCsqGU\"><a class=\"brz-a brz-btn brz-css-1fm6y61 brz-css-jzu5bg brz-css-1grmfs brz-css-3fxo3o\" href=\"https:\/\/wa.me\/5531983050293?text=Ol%C3%A1%2C+vim+do+site+e+gostaria+de+agendar+uma+avalia%C3%A7%C3%A3o+em+Terapia+Ocupacional\" target=\"_blank\" rel=\"noopener\" data-brz-link-type=\"external\" data-brz-custom-id=\"c_Zl3YGUu_Vu\"><svg class=\"brz-icon-svg align-[initial] brz-css-8mu1je brz-css-1o5vhi2\"><use href=\"\/wp-content\/plugins\/brizy\/public\/editor-build\/prod\/editor\/icons\/glyph\/logo-whatsapp.svg#nc_icon\"><\/use><\/svg><span data-brz-translate-text=\"1\" class=\"brz-span brz-text__editor\">AGENDE UMA CONSULTA<\/span><\/a><\/div>\n<\/div>\n<\/div>\n<div class=\"brz-columns brz-css-gaedt5 brz-css-hj5xcp\" data-brz-custom-id=\"gKCtAS8tyQpM\">\n<div class=\"brz-column__items brz-css-1ygglza brz-css-50xhkm\">\n<div class=\"brz-wrapper-clone brz-flex-xs-wrap brz-css-btspxt brz-css-1bahfe\" data-brz-custom-id=\"ng5Ijp939BOh\">\n<div class=\"brz-icon__container\" data-brz-custom-id=\"mi2XlIJKSred\"><a class=\"brz-a\" href=\"https:\/\/www.instagram.com\/to.ludibarreto\/\" target=\"_blank\" rel=\"noopener\" data-brz-link-type=\"external\"><span class=\"brz-icon brz-span brz-css-1y5z0j3 brz-css-1h4w7u9\"><svg class=\"brz-icon-svg align-[initial]\"><use href=\"\/wp-content\/plugins\/brizy\/public\/editor-build\/prod\/editor\/icons\/fa\/instagram.svg#fa_icon\"><\/use><\/svg><\/span><\/a><\/div>\n<div class=\"brz-icon__container\" data-brz-custom-id=\"erniwtqqdSfi\"><a class=\"brz-a\" href=\"https:\/\/br.linkedin.com\/in\/ludimila-barreto-641165131\" target=\"_blank\" rel=\"noopener\" data-brz-link-type=\"external\"><span class=\"brz-icon brz-span brz-css-1y5z0j3 brz-css-k936v5\"><svg class=\"brz-icon-svg align-[initial]\"><use href=\"\/wp-content\/plugins\/brizy\/public\/editor-build\/prod\/editor\/icons\/fa\/linkedin.svg#fa_icon\"><\/use><\/svg><\/span><\/a><\/div>\n<\/div>\n<\/div>\n<\/div>\n<\/div>\n<\/div>\n<\/div>\n<\/div>\n<\/section>\n<section id=\"0314a9489a197cbd4718_pTMhY2PelRq5\" class=\"brz-section brz-css-11wn84b brz-css-1gzp5n4\">\n<div class=\"brz-section__content brz-section--boxed brz-css-w45057 brz-css-1pud1qn\" data-brz-custom-id=\"otQvu92y4k_n\">\n<div class=\"brz-bg\">\n<div class=\"brz-bg-image\"><\/div>\n<div class=\"brz-bg-color\"><\/div>\n<\/div>\n<div class=\"brz-container brz-css-19y5twc brz-css-sq68w2\">\n<div class=\"brz-row__container brz-css-1yrbym brz-css-b9x9ta\" data-brz-custom-id=\"feRkVu_CFe89\">\n<div class=\"brz-row brz-css-w74ys2 brz-css-1bi15nj brz-css-15wr1ix\">\n<div class=\"brz-columns brz-css-1qp6cal brz-css-mspvon\" data-brz-custom-id=\"nTnGuaMWsuBv\">\n<div class=\"brz-column__items brz-css-50k6f8 brz-css-hs3h9t\">\n<div id=\"\" class=\"brz-css-1f3g4xw brz-css-1u3pb6i brz-wrapper\">\n<div class=\"brz-rich-text brz-rich-text__custom brz-css-dsvvwa brz-css-961lm1\" data-brz-custom-id=\"qEb0HmMsy6l3\">\n<div data-brz-translate-text=\"1\">\n<p data-generated-css=\"brz-css-ekYsf\" data-uniq-id=\"r4kzG\" class=\"brz-fss-lg-px brz-fw-lg-300 brz-ls-lg-m_0_3 brz-lh-lg-1_8 brz-vfw-lg-400 brz-fwdth-lg-100 brz-fsft-lg-0 brz-tp-lg-empty brz-ff-be_vietnam_pro brz-ft-google brz-fs-lg-16 brz-css-wo0TO\"><strong class=\"brz-cp-color8 brz-bold-true\" style=\"color: rgba(var(--brz-global-color8),1);\">SITE EM CONSTRU\u00c7\u00c3O<\/strong><\/p>\n<\/div>\n<\/div>\n<\/div>\n<div id=\"\" class=\"brz-css-1f3g4xw brz-css-1jc9seq brz-css-1s5zunw brz-wrapper\">\n<div class=\"brz-spacer brz-css-1sphyji brz-css-15xmtoo\"><\/div>\n<\/div>\n<div id=\"\" class=\"brz-css-1f3g4xw brz-css-u6yn brz-wrapper\">\n<div class=\"brz-rich-text brz-rich-text__custom brz-css-dsvvwa brz-css-1a3wuu\" data-brz-custom-id=\"slshiwu0yPD5\">\n<div data-brz-translate-text=\"1\">\n<h1 class=\"brz-tp-lg-heading1 brz-css-mmPxk\" data-uniq-id=\"tb4V7\" data-generated-css=\"brz-css-d9V5G\"><span class=\"brz-cp-color8\" style=\"color: rgba(var(--brz-global-color8),1);\">Terapia Ocupacional em Belo Horizonte e Regi\u00e3o<\/span><\/h1>\n<\/div>\n<\/div>\n<\/div>\n<div id=\"\" class=\"brz-css-1f3g4xw brz-css-1jc9seq brz-css-14dvusd brz-wrapper\">\n<div class=\"brz-spacer brz-css-1sphyji brz-css-8g6cej\"><\/div>\n<\/div>\n<div id=\"\" class=\"brz-css-1f3g4xw brz-css-1b6z5zb brz-wrapper\">\n<div class=\"brz-rich-text brz-rich-text__custom brz-css-dsvvwa brz-css-1gs3092\" data-brz-custom-id=\"i3jJI6mzjmJC\">\n<div data-brz-translate-text=\"1\">\n<h2 data-uniq-id=\"gQUxz\" data-generated-css=\"brz-css-opINs\" class=\"brz-tp-lg-heading2 brz-css-jqoE5\"><span class=\"brz-cp-color8\" style=\"color: rgba(var(--brz-global-color8),1);\">A terapeuta ocupacional Ludimila Barreto oferece atendimento especializado e humanizado para crian\u00e7as, adultos e idosos em Belo Horizonte, com foco na promo\u00e7\u00e3o da autonomia, funcionalidade e qualidade de vida.<\/span><\/h2>\n<\/div>\n<\/div>\n<\/div>\n<div id=\"\" class=\"brz-css-1f3g4xw brz-css-1jc9seq brz-css-x44rj6 brz-wrapper\">\n<div class=\"brz-spacer brz-css-1sphyji brz-css-17xv5q4\"><\/div>\n<\/div>\n<div class=\"brz-wrapper-clone brz-flex-xs-wrap brz-css-1n7z56u brz-css-11nio3y\" data-brz-custom-id=\"kg42BxLiKr07\"><a class=\"brz-a brz-btn brz-css-vjjlan brz-css-p4usoq brz-css-d3azy3 brz-css-1fok0d7\" href=\"https:\/\/wa.me\/5531983050293?text=Ol%C3%A1%2C+vim+do+site+e+gostaria+de+agendar+uma+avalia%C3%A7%C3%A3o+em+Terapia+Ocupacional\" target=\"_blank\" rel=\"noopener\" data-brz-link-type=\"external\" data-brz-custom-id=\"to5e2xtPQNEx\"><svg class=\"brz-icon-svg align-[initial] brz-css-axipmq brz-css-1fqzeeg\"><use href=\"\/wp-content\/plugins\/brizy\/public\/editor-build\/prod\/editor\/icons\/glyph\/logo-whatsapp.svg#nc_icon\"><\/use><\/svg><span data-brz-translate-text=\"1\" class=\"brz-span brz-text__editor\">AGENDE UMA CONSULTA<\/span><\/a><\/div>\n<div id=\"\" class=\"brz-css-1f3g4xw brz-css-1jc9seq brz-css-1tvmtnj brz-wrapper\">\n<div class=\"brz-spacer brz-css-1sphyji brz-css-1eywp2v\"><\/div>\n<\/div>\n<\/div>\n<\/div>\n<div class=\"brz-columns brz-css-1qp6cal brz-css-a7bdnh\" data-brz-custom-id=\"b3UWJY6MZsMu\">\n<div class=\"brz-column__items brz-css-50k6f8 brz-css-8a4q8q\">\n<div id=\"\" class=\"brz-css-1f3g4xw brz-css-1jc9seq brz-css-1715g5o brz-wrapper\">\n<div class=\"brz-spacer brz-css-1sphyji brz-css-xoc3oc\"><\/div>\n<\/div>\n<\/div>\n<\/div>\n<\/div>\n<\/div>\n<\/div>\n<\/div>\n<\/section><\/div>\n<p><!-- version:1754660317 --><\/p>\n","protected":false},"excerpt":{"rendered":"<p>Atendimento humanizado em Terapia Ocupacional para crian\u00e7as, adultos e idosos em Belo Horizonte e regi\u00e3o. Promovendo autonomia e qualidade de vida. Agende sua avalia\u00e7\u00e3o.<\/p>\n","protected":false},"author":1,"featured_media":8,"parent":0,"menu_order":0,"comment_status":"closed","ping_status":"closed","template":"brizy-blank-template.php","meta":{"footnotes":""},"class_list":["post-15","page","type-page","status-publish","has-post-thumbnail","hentry"],"yoast_head":"<!-- This site is optimized with the Yoast SEO plugin v25.6 - https:\/\/yoast.com\/wordpress\/plugins\/seo\/ -->\n<title>Terapia Ocupacional em Belo Horizonte | Ludimila Barreto<\/title>\n<meta name=\"description\" content=\"Atendimento humanizado em Terapia Ocupacional para crian\u00e7as, adultos e idosos em Belo Horizonte e regi\u00e3o. Promovendo autonomia e qualidade de vida. Agende sua avalia\u00e7\u00e3o.\" \/>\n<meta name=\"robots\" content=\"index, follow, max-snippet:-1, max-image-preview:large, max-video-preview:-1\" \/>\n<link rel=\"canonical\" href=\"http:\/\/www.ludimilabarreto.com.br\/\" \/>\n<meta property=\"og:locale\" content=\"pt_BR\" \/>\n<meta property=\"og:type\" content=\"article\" \/>\n<meta property=\"og:title\" content=\"Terapia Ocupacional em Belo Horizonte | Ludimila Barreto\" \/>\n<meta property=\"og:description\" content=\"Atendimento humanizado em Terapia Ocupacional para crian\u00e7as, adultos e idosos em Belo Horizonte e regi\u00e3o. Promovendo autonomia e qualidade de vida. Agende sua avalia\u00e7\u00e3o.\" \/>\n<meta property=\"og:url\" content=\"http:\/\/www.ludimilabarreto.com.br\/\" \/>\n<meta property=\"og:site_name\" content=\"Ludimila Barreto - Terapia Ocupacional em Belo Horizonte e Regi\u00e3o\" \/>\n<meta property=\"article:modified_time\" content=\"2025-08-08T13:38:37+00:00\" \/>\n<meta property=\"og:image\" content=\"http:\/\/www.ludimilabarreto.com.br\/wp-content\/uploads\/2025\/08\/cropped-ludimila-barreto-logo.jpeg\" \/>\n\t<meta property=\"og:image:width\" content=\"512\" \/>\n\t<meta property=\"og:image:height\" content=\"512\" \/>\n\t<meta property=\"og:image:type\" content=\"image\/jpeg\" \/>\n<meta name=\"twitter:card\" content=\"summary_large_image\" \/>\n<meta name=\"twitter:label1\" content=\"Est. tempo de leitura\" \/>\n\t<meta name=\"twitter:data1\" content=\"1 minuto\" \/>\n<script type=\"application\/ld+json\" class=\"yoast-schema-graph\">{\"@context\":\"https:\/\/schema.org\",\"@graph\":[{\"@type\":\"WebPage\",\"@id\":\"http:\/\/www.ludimilabarreto.com.br\/\",\"url\":\"http:\/\/www.ludimilabarreto.com.br\/\",\"name\":\"Terapia Ocupacional em Belo Horizonte | Ludimila Barreto\",\"isPartOf\":{\"@id\":\"http:\/\/www.ludimilabarreto.com.br\/#website\"},\"primaryImageOfPage\":{\"@id\":\"http:\/\/www.ludimilabarreto.com.br\/#primaryimage\"},\"image\":{\"@id\":\"http:\/\/www.ludimilabarreto.com.br\/#primaryimage\"},\"thumbnailUrl\":\"https:\/\/www.ludimilabarreto.com.br\/wp-content\/uploads\/2025\/08\/cropped-ludimila-barreto-logo.jpeg\",\"datePublished\":\"2025-08-08T13:20:01+00:00\",\"dateModified\":\"2025-08-08T13:38:37+00:00\",\"description\":\"Atendimento humanizado em Terapia Ocupacional para crian\u00e7as, adultos e idosos em Belo Horizonte e regi\u00e3o. Promovendo autonomia e qualidade de vida. Agende sua avalia\u00e7\u00e3o.\",\"breadcrumb\":{\"@id\":\"http:\/\/www.ludimilabarreto.com.br\/#breadcrumb\"},\"inLanguage\":\"pt-BR\",\"potentialAction\":[{\"@type\":\"ReadAction\",\"target\":[\"http:\/\/www.ludimilabarreto.com.br\/\"]}]},{\"@type\":\"ImageObject\",\"inLanguage\":\"pt-BR\",\"@id\":\"http:\/\/www.ludimilabarreto.com.br\/#primaryimage\",\"url\":\"https:\/\/www.ludimilabarreto.com.br\/wp-content\/uploads\/2025\/08\/cropped-ludimila-barreto-logo.jpeg\",\"contentUrl\":\"https:\/\/www.ludimilabarreto.com.br\/wp-content\/uploads\/2025\/08\/cropped-ludimila-barreto-logo.jpeg\",\"width\":512,\"height\":512},{\"@type\":\"BreadcrumbList\",\"@id\":\"http:\/\/www.ludimilabarreto.com.br\/#breadcrumb\",\"itemListElement\":[{\"@type\":\"ListItem\",\"position\":1,\"name\":\"In\u00edcio\",\"item\":\"http:\/\/www.ludimilabarreto.com.br\/\"},{\"@type\":\"ListItem\",\"position\":2,\"name\":\"pagina-inicial\"}]},{\"@type\":\"WebSite\",\"@id\":\"http:\/\/www.ludimilabarreto.com.br\/#website\",\"url\":\"http:\/\/www.ludimilabarreto.com.br\/\",\"name\":\"Ludimila Barreto - Terapia Ocupacional em Belo Horizonte e Regi\u00e3o\",\"description\":\"Atendimento humanizado em Terapia Ocupacional para crian\u00e7as, adultos e idosos em Belo Horizonte e regi\u00e3o. Promovendo autonomia e qualidade de vida.\",\"publisher\":{\"@id\":\"http:\/\/www.ludimilabarreto.com.br\/#organization\"},\"potentialAction\":[{\"@type\":\"SearchAction\",\"target\":{\"@type\":\"EntryPoint\",\"urlTemplate\":\"http:\/\/www.ludimilabarreto.com.br\/?s={search_term_string}\"},\"query-input\":{\"@type\":\"PropertyValueSpecification\",\"valueRequired\":true,\"valueName\":\"search_term_string\"}}],\"inLanguage\":\"pt-BR\"},{\"@type\":\"Organization\",\"@id\":\"http:\/\/www.ludimilabarreto.com.br\/#organization\",\"name\":\"Ludimila Barreto - Terapia Ocupacional em Belo Horizonte e Regi\u00e3o\",\"url\":\"http:\/\/www.ludimilabarreto.com.br\/\",\"logo\":{\"@type\":\"ImageObject\",\"inLanguage\":\"pt-BR\",\"@id\":\"http:\/\/www.ludimilabarreto.com.br\/#\/schema\/logo\/image\/\",\"url\":\"http:\/\/www.ludimilabarreto.com.br\/wp-content\/uploads\/2025\/08\/ludimila-barreto-logo.jpeg\",\"contentUrl\":\"http:\/\/www.ludimilabarreto.com.br\/wp-content\/uploads\/2025\/08\/ludimila-barreto-logo.jpeg\",\"width\":1500,\"height\":1500,\"caption\":\"Ludimila Barreto - Terapia Ocupacional em Belo Horizonte e Regi\u00e3o\"},\"image\":{\"@id\":\"http:\/\/www.ludimilabarreto.com.br\/#\/schema\/logo\/image\/\"},\"sameAs\":[\"https:\/\/www.instagram.com\/to.ludibarreto\/\",\"https:\/\/br.linkedin.com\/in\/ludimila-barreto-641165131\"]}]}<\/script>\n<!-- \/ Yoast SEO plugin. -->","yoast_head_json":{"title":"Terapia Ocupacional em Belo Horizonte | Ludimila Barreto","description":"Atendimento humanizado em Terapia Ocupacional para crian\u00e7as, adultos e idosos em Belo Horizonte e regi\u00e3o. Promovendo autonomia e qualidade de vida. Agende sua avalia\u00e7\u00e3o.","robots":{"index":"index","follow":"follow","max-snippet":"max-snippet:-1","max-image-preview":"max-image-preview:large","max-video-preview":"max-video-preview:-1"},"canonical":"http:\/\/www.ludimilabarreto.com.br\/","og_locale":"pt_BR","og_type":"article","og_title":"Terapia Ocupacional em Belo Horizonte | Ludimila Barreto","og_description":"Atendimento humanizado em Terapia Ocupacional para crian\u00e7as, adultos e idosos em Belo Horizonte e regi\u00e3o. Promovendo autonomia e qualidade de vida. Agende sua avalia\u00e7\u00e3o.","og_url":"http:\/\/www.ludimilabarreto.com.br\/","og_site_name":"Ludimila Barreto - Terapia Ocupacional em Belo Horizonte e Regi\u00e3o","article_modified_time":"2025-08-08T13:38:37+00:00","og_image":[{"width":512,"height":512,"url":"http:\/\/www.ludimilabarreto.com.br\/wp-content\/uploads\/2025\/08\/cropped-ludimila-barreto-logo.jpeg","type":"image\/jpeg"}],"twitter_card":"summary_large_image","twitter_misc":{"Est. tempo de leitura":"1 minuto"},"schema":{"@context":"https:\/\/schema.org","@graph":[{"@type":"WebPage","@id":"http:\/\/www.ludimilabarreto.com.br\/","url":"http:\/\/www.ludimilabarreto.com.br\/","name":"Terapia Ocupacional em Belo Horizonte | Ludimila Barreto","isPartOf":{"@id":"http:\/\/www.ludimilabarreto.com.br\/#website"},"primaryImageOfPage":{"@id":"http:\/\/www.ludimilabarreto.com.br\/#primaryimage"},"image":{"@id":"http:\/\/www.ludimilabarreto.com.br\/#primaryimage"},"thumbnailUrl":"https:\/\/www.ludimilabarreto.com.br\/wp-content\/uploads\/2025\/08\/cropped-ludimila-barreto-logo.jpeg","datePublished":"2025-08-08T13:20:01+00:00","dateModified":"2025-08-08T13:38:37+00:00","description":"Atendimento humanizado em Terapia Ocupacional para crian\u00e7as, adultos e idosos em Belo Horizonte e regi\u00e3o. Promovendo autonomia e qualidade de vida. Agende sua avalia\u00e7\u00e3o.","breadcrumb":{"@id":"http:\/\/www.ludimilabarreto.com.br\/#breadcrumb"},"inLanguage":"pt-BR","potentialAction":[{"@type":"ReadAction","target":["http:\/\/www.ludimilabarreto.com.br\/"]}]},{"@type":"ImageObject","inLanguage":"pt-BR","@id":"http:\/\/www.ludimilabarreto.com.br\/#primaryimage","url":"https:\/\/www.ludimilabarreto.com.br\/wp-content\/uploads\/2025\/08\/cropped-ludimila-barreto-logo.jpeg","contentUrl":"https:\/\/www.ludimilabarreto.com.br\/wp-content\/uploads\/2025\/08\/cropped-ludimila-barreto-logo.jpeg","width":512,"height":512},{"@type":"BreadcrumbList","@id":"http:\/\/www.ludimilabarreto.com.br\/#breadcrumb","itemListElement":[{"@type":"ListItem","position":1,"name":"In\u00edcio","item":"http:\/\/www.ludimilabarreto.com.br\/"},{"@type":"ListItem","position":2,"name":"pagina-inicial"}]},{"@type":"WebSite","@id":"http:\/\/www.ludimilabarreto.com.br\/#website","url":"http:\/\/www.ludimilabarreto.com.br\/","name":"Ludimila Barreto - Terapia Ocupacional em Belo Horizonte e Regi\u00e3o","description":"Atendimento humanizado em Terapia Ocupacional para crian\u00e7as, adultos e idosos em Belo Horizonte e regi\u00e3o. Promovendo autonomia e qualidade de vida.","publisher":{"@id":"http:\/\/www.ludimilabarreto.com.br\/#organization"},"potentialAction":[{"@type":"SearchAction","target":{"@type":"EntryPoint","urlTemplate":"http:\/\/www.ludimilabarreto.com.br\/?s={search_term_string}"},"query-input":{"@type":"PropertyValueSpecification","valueRequired":true,"valueName":"search_term_string"}}],"inLanguage":"pt-BR"},{"@type":"Organization","@id":"http:\/\/www.ludimilabarreto.com.br\/#organization","name":"Ludimila Barreto - Terapia Ocupacional em Belo Horizonte e Regi\u00e3o","url":"http:\/\/www.ludimilabarreto.com.br\/","logo":{"@type":"ImageObject","inLanguage":"pt-BR","@id":"http:\/\/www.ludimilabarreto.com.br\/#\/schema\/logo\/image\/","url":"http:\/\/www.ludimilabarreto.com.br\/wp-content\/uploads\/2025\/08\/ludimila-barreto-logo.jpeg","contentUrl":"http:\/\/www.ludimilabarreto.com.br\/wp-content\/uploads\/2025\/08\/ludimila-barreto-logo.jpeg","width":1500,"height":1500,"caption":"Ludimila Barreto - Terapia Ocupacional em Belo Horizonte e Regi\u00e3o"},"image":{"@id":"http:\/\/www.ludimilabarreto.com.br\/#\/schema\/logo\/image\/"},"sameAs":["https:\/\/www.instagram.com\/to.ludibarreto\/","https:\/\/br.linkedin.com\/in\/ludimila-barreto-641165131"]}]}},"_links":{"self":[{"href":"https:\/\/www.ludimilabarreto.com.br\/index.php?rest_route=\/wp\/v2\/pages\/15","targetHints":{"allow":["GET"]}}],"collection":[{"href":"https:\/\/www.ludimilabarreto.com.br\/index.php?rest_route=\/wp\/v2\/pages"}],"about":[{"href":"https:\/\/www.ludimilabarreto.com.br\/index.php?rest_route=\/wp\/v2\/types\/page"}],"author":[{"embeddable":true,"href":"https:\/\/www.ludimilabarreto.com.br\/index.php?rest_route=\/wp\/v2\/users\/1"}],"replies":[{"embeddable":true,"href":"https:\/\/www.ludimilabarreto.com.br\/index.php?rest_route=%2Fwp%2Fv2%2Fcomments&post=15"}],"version-history":[{"count":7,"href":"https:\/\/www.ludimilabarreto.com.br\/index.php?rest_route=\/wp\/v2\/pages\/15\/revisions"}],"predecessor-version":[{"id":48,"href":"https:\/\/www.ludimilabarreto.com.br\/index.php?rest_route=\/wp\/v2\/pages\/15\/revisions\/48"}],"wp:featuredmedia":[{"embeddable":true,"href":"https:\/\/www.ludimilabarreto.com.br\/index.php?rest_route=\/wp\/v2\/media\/8"}],"wp:attachment":[{"href":"https:\/\/www.ludimilabarreto.com.br\/index.php?rest_route=%2Fwp%2Fv2%2Fmedia&parent=15"}],"curies":[{"name":"wp","href":"https:\/\/api.w.org\/{rel}","templated":true}]}}